{"id":8046,"date":"2022-02-26T00:15:41","date_gmt":"2022-02-25T21:15:41","guid":{"rendered":"https:\/\/proweld.com.tr\/?page_id=8046"},"modified":"2022-02-26T01:17:36","modified_gmt":"2022-02-25T22:17:36","slug":"robot-otomasyon","status":"publish","type":"page","link":"https:\/\/proweld.com.tr\/proweld\/robot-otomasyon\/","title":{"rendered":"Robot Otomasyon"},"content":{"rendered":"\t\t<div data-elementor-type=\"wp-page\" data-elementor-id=\"8046\" class=\"elementor elementor-8046\" data-elementor-settings=\"[]\">\n\t\t\t\t\t\t<div class=\"elementor-inner\">\n\t\t\t\t\t\t\t<div class=\"elementor-section-wrap\">\n\t\t\t\t\t\t\t<section class=\"elementor-section elementor-top-section elementor-element elementor-element-15087e1 elementor-section-boxed elementor-section-height-default elementor-section-height-default\" data-id=\"15087e1\" data-element_type=\"section\">\n\t\t\t\t\t\t<div class=\"elementor-container elementor-column-gap-default\">\n\t\t\t\t\t\t\t<div class=\"elementor-row\">\n\t\t\t\t\t<div class=\"elementor-column elementor-col-100 elementor-top-column elementor-element elementor-element-eb75526\" data-id=\"eb75526\" data-element_type=\"column\">\n\t\t\t<div class=\"elementor-column-wrap elementor-element-populated\">\n\t\t\t\t\t\t\t<div class=\"elementor-widget-wrap\">\n\t\t\t\t\t\t<div class=\"elementor-element elementor-element-dd56005 elementor-widget elementor-widget-gva-heading-block\" data-id=\"dd56005\" data-element_type=\"widget\" data-widget_type=\"gva-heading-block.default\">\n\t\t\t\t<div class=\"elementor-widget-container\">\n\t\t\t<div class=\"gva-element-gva-heading-block gva-element\">   <div class=\"align-left style-1 widget gsc-heading\">\r\n      <div class=\"content-inner\">\r\n         \r\n                  \r\n                  \r\n                     <h2 class=\"title\">\r\n               <span>ROBOT OTOMASYON VE KAYNAKLI \u0130MALAT<\/span>\r\n            <\/h2>\r\n         \r\n                     <div class=\"sub-title\"><span>------------------<\/span><\/div>\r\n          \r\n\r\n                     <div class=\"title-desc\"><p><img decoding=\"async\" src=\"https:\/\/www.proweld.com.tr\/yukleme\/Sayfa_resimleri\/111.jpg\" \/><\/p><p>\u00a0<\/p><ul><li>Prosese\u00a0Uygun\u00a0Pozisyoner\u00a0Tasar\u0131m\u0131\u00a0\u00dcretimi<\/li><li>Prosese\u00a0Y\u00f6nelik\u00a0Uygun\u00a0Kaynak\u00a0Teknolojisi\u00a0Se\u00e7imi<\/li><li>Kaynak\u00a0Fikst\u00fcr\u00fc\u00a0Tasar\u0131m\u0131\u00a0Ve\u00a0\u00dcretimi<\/li><li>Gerekt\u011finde\u00a0Robot\u00a0Ta\u015f\u0131y\u0131c\u0131s\u0131\u00a0Slider, Gantry Robot\u00a0Tasar\u0131m\u00a0ve\u00a0\u00dcretimi.<\/li><li>Robotlu kaynakl\u0131 imalat fizibilite haz\u0131rlanmas\u0131 ve kaynakl\u0131 imalat maliyet analizleri.<\/li><li>Robotlu kaynakl\u0131 imalat entegret\u00f6r hizmeti.<\/li><li>robotlu Kaynakl\u0131 imalat fason \u00fcretimi.<\/li><\/ul><\/div>\r\n         \r\n         \r\n      <\/div>\r\n   <\/div>\r\n   <div class=\"clearfix\"><\/div>\r\n<\/div>\t\t<\/div>\n\t\t\t\t<\/div>\n\t\t\t\t\t\t<\/div>\n\t\t\t\t\t<\/div>\n\t\t<\/div>\n\t\t\t\t\t\t\t\t<\/div>\n\t\t\t\t\t<\/div>\n\t\t<\/section>\n\t\t\t\t\t\t<\/div>\n\t\t\t\t\t\t<\/div>\n\t\t\t\t\t<\/div>\n\t\t","protected":false},"excerpt":{"rendered":"<p>ROBOT OTOMASYON VE KAYNAKLI \u0130MALAT &#8212;&#8212;&#8212;&#8212;&#8212;&#8212; \u00a0 Prosese\u00a0Uygun\u00a0Pozisyoner\u00a0Tasar\u0131m\u0131\u00a0\u00dcretimi Prosese\u00a0Y\u00f6nelik\u00a0Uygun\u00a0Kaynak\u00a0Teknolojisi\u00a0Se\u00e7imi Kaynak\u00a0Fikst\u00fcr\u00fc\u00a0Tasar\u0131m\u0131\u00a0Ve\u00a0\u00dcretimi Gerekt\u011finde\u00a0Robot\u00a0Ta\u015f\u0131y\u0131c\u0131s\u0131\u00a0Slider, Gantry Robot\u00a0Tasar\u0131m\u00a0ve\u00a0\u00dcretimi. Robotlu kaynakl\u0131 imalat fizibilite haz\u0131rlanmas\u0131 ve kaynakl\u0131 imalat maliyet analizleri. Robotlu kaynakl\u0131 imalat entegret\u00f6r hizmeti. robotlu Kaynakl\u0131 imalat fason \u00fcretimi.<\/p>\n","protected":false},"author":1,"featured_media":0,"parent":0,"menu_order":0,"comment_status":"closed","ping_status":"closed","template":"elementor_header_footer","meta":{"footnotes":""},"class_list":["post-8046","page","type-page","status-publish","hentry"],"_links":{"self":[{"href":"https:\/\/proweld.com.tr\/proweld\/wp-json\/wp\/v2\/pages\/8046","targetHints":{"allow":["GET"]}}],"collection":[{"href":"https:\/\/proweld.com.tr\/proweld\/wp-json\/wp\/v2\/pages"}],"about":[{"href":"https:\/\/proweld.com.tr\/proweld\/wp-json\/wp\/v2\/types\/page"}],"author":[{"embeddable":true,"href":"https:\/\/proweld.com.tr\/proweld\/wp-json\/wp\/v2\/users\/1"}],"replies":[{"embeddable":true,"href":"https:\/\/proweld.com.tr\/proweld\/wp-json\/wp\/v2\/comments?post=8046"}],"version-history":[{"count":10,"href":"https:\/\/proweld.com.tr\/proweld\/wp-json\/wp\/v2\/pages\/8046\/revisions"}],"predecessor-version":[{"id":8113,"href":"https:\/\/proweld.com.tr\/proweld\/wp-json\/wp\/v2\/pages\/8046\/revisions\/8113"}],"wp:attachment":[{"href":"https:\/\/proweld.com.tr\/proweld\/wp-json\/wp\/v2\/media?parent=8046"}],"curies":[{"name":"wp","href":"https:\/\/api.w.org\/{rel}","templated":true}]}}